{"id":3017,"date":"2021-09-27T21:12:25","date_gmt":"2021-09-27T19:12:25","guid":{"rendered":"https:\/\/www.talkoutloud.de\/?page_id=3017"},"modified":"2025-03-27T16:39:29","modified_gmt":"2025-03-27T15:39:29","slug":"agb","status":"publish","type":"page","link":"https:\/\/www.talkoutloud.de\/en\/agb\/","title":{"rendered":"AGB"},"content":{"rendered":"<section class=\"l-section wpb_row us_custom_6df4bc3a has_text_color height_small\"><div class=\"l-section-overlay\" style=\"background:rgba(70,80,30,0.60)\"><\/div><div class=\"l-section-h i-cf\"><div class=\"g-cols vc_row via_grid cols_1 laptops-cols_inherit tablets-cols_inherit mobiles-cols_1 valign_top type_default stacking_default\"><div class=\"wpb_column vc_column_container\"><div class=\"vc_column-inner\"><div class=\"wpb_text_column\"><div class=\"wpb_wrapper\"><div class=\"page\" title=\"Page 11\">\n<div class=\"layoutArea\">\n<div class=\"column\">\n<h2 style=\"text-align: center;\">ALLGEMEINE<br \/>\nGESCH\u00c4FTS\u00adBEDINGUNGEN.<\/h2>\n<\/div>\n<\/div>\n<\/div>\n<\/div><\/div><\/div><\/div><\/div><\/div><\/section><section class=\"l-section wpb_row height_auto\" id=\"angebot\"><div class=\"l-section-h i-cf\"><div class=\"g-cols vc_row via_grid cols_1-4-1 laptops-cols_inherit tablets-cols_inherit mobiles-cols_1 valign_middle type_default stacking_default\"><div class=\"wpb_column vc_column_container\"><div class=\"vc_column-inner\"><\/div><\/div><div class=\"wpb_column vc_column_container\"><div class=\"vc_column-inner\"><div class=\"ult-spacer spacer-69e1d8f0b5370\" data-id=\"69e1d8f0b5370\" data-height=\"50\" data-height-mobile=\"50\" data-height-tab=\"50\" data-height-tab-portrait=\"\" data-height-mobile-landscape=\"\" style=\"clear:both;display:block;\"><\/div><div class=\"wpb_text_column\"><div class=\"wpb_wrapper\"><div class=\"page\" title=\"Page 34\">\n<div class=\"layoutArea\">\n<div class=\"column\">\n<p>Ich verwende im Folgenden das generische Femininum.<br \/>\nDie Allgemeinen Gesch\u00e4ftsbedingungen gelten f\u00fcr alle Kundinnen und Kunden bzw. Coaching-Partnerinnen und -Partner, die an einem Coaching teilnehmen, und werden durch die Coachingteilnahme durch die Kund:innen anerkannt.<\/p>\n<p><strong>1. Geltungsbereich<\/strong><\/p>\n<p>Diese Allgemeinen Gesch\u00e4ftsbedingungen gelten f\u00fcr s\u00e4mtliche von TaLK OUT LOUD angebotenen Leistungen, u.a. im Rahmen von Einzelcoachings, Coachings in Unternehmen, Kommunikationsberatung und Beratungen f\u00fcr Privatpersonen als auch Unternehmen. Entgegenstehende AGB oder abweichende Bedingungen der Vertragspartnerin werden nicht anerkannt, es sei denn, der Geltung wird ausdr\u00fccklich schriftlich zugestimmt.<br \/>\nDiese Allgemeinen Gesch\u00e4ftsbedingungen gelten ebenfalls f\u00fcr alle zuk\u00fcnftigen Vertr\u00e4ge mit der Vertragspartnerin, auch wenn sie nicht nochmals ausdr\u00fccklich vereinbart werden.<\/p>\n<p><strong> 2. Voraussetzungen<\/strong><\/p>\n<p>Die Teilnahme an Coachings und Beratungst\u00e4tigkeiten setzt eine normale k\u00f6rperliche und seelische Belastbarkeit voraus und ist kein Ersatz f\u00fcr eine Psychotherapie. Der Vertragspartnerin bzw. der von ihr benannten Teilnehmerin obliegt die Verantwortung, sich hinsichtlich der individuellen Belastbarkeit mit einer \u00c4rztin oder Psychotherapeutin abzusprechen. Jede Teilnehmerin tr\u00e4gt die volle Verantwortung f\u00fcr sich, ihre Entscheidungen und Handlungen innerhalb und au\u00dferhalb der Coaching-Sitzungen und Beratungen. F\u00fcr Sch\u00e4den, die sie selbst erleidet oder die sie anderen zuf\u00fcgt, haftet die Teilnehmerin im Rahmen der gesetzlichen Regelungen. Das Coaching ersetzt keine Therapie.<\/p>\n<p><strong> 3. Leistung<\/strong><\/p>\n<p>Die Leistungen der Anbieterin werden entsprechend der Ver\u00f6ffentlichungen auf der Website und\/oder entsprechend einer individuellen Vereinbarung durchgef\u00fchrt. TaLK OUT LOUD schuldet im Rahmen der Coaching- und Beratungst\u00e4tigkeit eine Dienstleistung.<br \/>\nDie Leistungen der Anbieterin werden entweder durch Katharina Volk pers\u00f6nlich oder von einer von Katharina Volk nach freiem Ermessen ausgew\u00e4hlten Partnerin erbracht.<br \/>\nDie Anbieterin ist verpflichtet, alle privaten, betrieblichen und gesch\u00e4ftlichen Angelegenheiten der Vertragspartnerin vertraulich zu behandeln. Die Vertraulichkeitsverpflichtung gilt auch nach Beendigung des Vertrags.<br \/>\nDie Anbieterin ist verpflichtet, vertrauliche Informationen ausschlie\u00dflich zu Zwecken des vertraglich festgelegten Coachings zu verwenden. Die Anbieterin ist verpflichtet, vertrauliche Informationen so zu verwahren, dass kein Dritter Zugang dazu bekommen kann.<br \/>\nDie Anbieterin ist verpflichtet, alle zur Verfu\u0308gung stehenden Interventionsmo\u0308glichkeiten, Methodiken und Techniken zum Nutzen der Vertragspartnerin einzusetzen. Die Anbieterin ist verpflichtet, der Vertragspartnerin eine andere Anbieterin zu nennen, wenn die Anbieterin sich selbst nicht mehr in der Lage sieht, den Auftrag fachgerecht zu dem vereinbarten Ziel zu fu\u0308hren.<br \/>\nEin Erfolg wird nicht geschuldet.<\/p>\n<p><strong>4. Vertragsschluss<\/strong><\/p>\n<p>Die ver\u00f6ffentlichten Programme der Anbieterin im Internet stellen noch kein verbindliches Angebot dar. Ein Vertrag mit TaLK OUT LOUD kommt erst durch den Buchungsauftrag der Vertragspartnerin und die schriftliche Best\u00e4tigung (Annahme) von TaLK OUT LOUD zustande.<\/p>\n<p><strong> 5. Honorar<\/strong><\/p>\n<p>Die Leistungen werden entsprechend der ver\u00f6ffentlichten Ank\u00fcndigungen oder der individuellen Honorarvereinbarungen berechnet.<br \/>\nAlle Honorare sind sofort nach Rechnungsstellung und ohne Abzug f\u00e4llig.<br \/>\nDie Rechnungsstellung im Rahmen von Coaching- und Beratungst\u00e4tigkeiten erfolgt nach dem Coaching bzw. nach der Beratungst\u00e4tigkeit, sp\u00e4testens am Monatsende.<\/p>\n<p><strong> 6. Termine\/R\u00fccktritt<\/strong><\/p>\n<p>Vereinbarte Termine sind verbindlich. Die Absage hat schriftlich zu erfolgen. Die Absage per E-Mail ist m\u00f6glich. Die Absage muss durch die Anbieterin r\u00fcckbest\u00e4tigt sein.<br \/>\nEine kostenfreie Absage der Einzelcoaching-Termine durch die Kundin ist bis sp\u00e4testens 2 Werktage, aber mindestens 48 Stunden vor dem Termin m\u00f6glich. Dabei gelten Samstag, Sonntag und nationale sowie regionale Feiertage nicht als Werktag. Im Fall einer sp\u00e4teren Absage oder bei Nichterscheinen wird das volle Honorar als Ausfallhonorar f\u00e4llig.<\/p>\n<p>TaLK OUT LOUD ist berechtigt, aus wichtigem Grund vom Vertrag zur\u00fcckzutreten. Ungeachtet sonstiger Gr\u00fcnde gilt dies insbesondere, wenn eine Sitzung aus nicht von der Anbieterin zu vertretenden Gr\u00fcnden abgesagt werden muss, so z.B. bei Krankheit, Unfall oder in F\u00e4llen h\u00f6herer Gewalt.<br \/>\nIn diesen F\u00e4llen wird die Anbieterin die Vertragspartnerin unverz\u00fcglich benachrichtigen und das Honorar wird nicht f\u00e4llig.<br \/>\n\u00dcber das Honorar hinausgehende Anspr\u00fcche sind ausgeschlossen.<\/p>\n<p><strong> 7. Haftung<\/strong><\/p>\n<p>Die Haftung der Anbieterin wird auf Vorsatz und grobe Fahrl\u00e4ssigkeit beschr\u00e4nkt. Dar\u00fcber hinaus wird die Haftung auf die wesentlichen Vertragspflichten beschr\u00e4nkt. Die Haftung ist dann auf den vorhersehbaren vertragstypischen Schaden begrenzt. Sonstige Schadenersatzanspr\u00fcche k\u00f6nnen gegen\u00fcber TaLK OUT LOUD nicht geltend gemacht werden.<br \/>\nDie vorstehenden Haftungsbeschr\u00e4nkungen gelten nicht bei Verletzung von Leben, K\u00f6rper und Gesundheit.<\/p>\n<p><strong> 8. Vertraulichkeit<\/strong><\/p>\n<p>Die Anbieterin verpflichtet sich, alle ihr im Rahmen der T\u00e4tigkeit bekannt gewordenen betrieblichen, gesch\u00e4ftlichen und privaten Angelegenheiten der Vertragspartnerin und\/oder der durch die Vertragspartnerin benannten Teilnehmerinnen vertraulich zu behandeln. Die Vertraulichkeitsverpflichtung gilt auch nach Beendigung des Vertrags.<br \/>\nFerner verpflichtet sich die Anbieterin, alle ihr zum Zwecke der Vertragserf\u00fcllung \u00fcberlassenen Unterlagen sorgf\u00e4ltig zu verwahren und gegen die Einsichtnahme Dritter zu sch\u00fctzen. Als Dritte gelten nicht die von der Anbieterin beauftragten Personen und\/oder Unternehmen, die zur Erf\u00fcllung des Vertrages mit der Vertragspartnerin Leistungen f\u00fcr TaLK OUT LOUD erbringen.<\/p>\n<p><strong> 9. Urheberrechte<\/strong><\/p>\n<p>Das Urheberrecht an Coaching- und Beratungskonzepten, Unterlagen und Produkten der Anbieterin liegt ausschlie\u00dflich bei TaLK OUT LOUD. Unterlagen und Konzepte jeder Art d\u00fcrfen ausschlie\u00dflich zur pers\u00f6nlichen Nutzung durch die Vertragspartnerin verwendet werden. Der Vertragspartnerin ist es nicht gestattet, Unterlagen und\/oder Konzepte ohne vorherige schriftliche Zustimmung der Anbieterin zu reproduzieren und\/oder Dritten zug\u00e4nglich zu machen.<\/p>\n<p><strong> 10. Sonstiges<\/strong><\/p>\n<p>Sollte eine Bestimmung dieser Allgemeinen Gesch\u00e4ftsbedingungen unwirksam sein oder werden, so bleibt die Wirksamkeit der \u00fcbrigen Bestimmungen davon unber\u00fchrt.<br \/>\n\u00c4nderungen und Zus\u00e4tze zu Vertr\u00e4gen, die im Rahmen der Geltung dieser Allgemeinen Gesch\u00e4ftsbedingungen abgeschlossen werden, bed\u00fcrfen zu ihrer G\u00fcltigkeit und nicht nur zu Beweiszwecken der Schriftform. M\u00fcndliche Nebenabreden haben keine Geltung.<br \/>\nGerichtsstand ist Frankfurt am Main. Es gilt das Recht der Bundesrepublik Deutschland.<\/p>\n<p><strong>Widerrufsbelehrung\/Widerrufsrecht<\/strong><\/p>\n<p>Vertragserkl\u00e4rungen der Vertragspartnerin kann diese innerhalb von 14 Tagen ohne Angabe von Gr\u00fcnden in Textform (z.B. Brief, E-Mail) widerrufen. Die Frist beginnt nach Erhalt dieser Belehrung in Textform, jedoch nicht vor Vertragsschluss und auch nicht vor Erf\u00fcllung der Informationspflichten gem\u00e4\u00df Artikel 246 \u00a7 2 in Verbindung mit \u00a7 1 Absatz 1 und 2 EGBGB.<br \/>\nZur Wahrung der Widerrufsfrist gen\u00fcgt die rechtzeitige Absendung des Widerrufs. Der Widerruf ist zu richten an:<br \/>\nTaLK OUT LOUD, Br\u00f6nnerstra\u00dfe 17, 60313 Frankfurt am Main, katharina.volk@talkoutloud.de<\/p>\n<p><strong>Widerrufsfolgen<\/strong><\/p>\n<p>Im Falle eines wirksamen Widerrufs sind die beiderseits empfangenen Leistungen zur\u00fcck zu gew\u00e4hren und ggf. gezogene Nutzungen (z.B. Zinsen) herauszugeben. Soweit die Vertragspartnerin empfangene Leistung sowie Nutzungen (z.B. Gebrauchsvorteile) nicht oder teilweise nicht oder nur in verschlechtertem Zustand zur\u00fcckgew\u00e4hren beziehungsweise herausgeben kann, ist sie verpflichtet, entsprechenden Wertersatz zu leisten. Dies umfasst auch die Pflicht zur Erf\u00fcllung der vertraglichen Zahlungsverpflichtungen f\u00fcr den Zeitraum bis zum Widerruf. Verpflichtungen zur Erstattung von Zahlungen m\u00fcssen innerhalb von 30 Tagen erf\u00fcllt werden. Die Frist beginnt f\u00fcr die Vertragspartnerin mit der Absendung ihrer Widerrufserkl\u00e4rung, f\u00fcr die Anbieterin mit dem Zugang der Widerrufserkl\u00e4rung.<\/p>\n<p>Frankfurt am Main, 12.09.2024<\/p>\n<p>&nbsp;<\/p>\n<\/div>\n<\/div>\n<\/div>\n<\/div><\/div><\/div><\/div><div class=\"wpb_column vc_column_container\"><div class=\"vc_column-inner\"><\/div><\/div><\/div><\/div><\/section>\n","protected":false},"excerpt":{"rendered":"ALLGEMEINE GESCH\u00c4FTS\u00adBEDINGUNGEN. Ich verwende im Folgenden das generische Femininum. Die Allgemeinen Gesch\u00e4ftsbedingungen gelten f\u00fcr alle Kundinnen und Kunden bzw. Coaching-Partnerinnen und -Partner, die an einem Coaching teilnehmen, und werden durch die Coachingteilnahme durch die Kund:innen anerkannt. 1. Geltungsbereich Diese Allgemeinen Gesch\u00e4ftsbedingungen gelten f\u00fcr s\u00e4mtliche von TaLK OUT LOUD angebotenen Leistungen, u.a. im Rahmen von Einzelcoachings,...","protected":false},"author":3,"featured_media":2955,"parent":0,"menu_order":0,"comment_status":"closed","ping_status":"closed","template":"","meta":{"footnotes":""},"class_list":["post-3017","page","type-page","status-publish","has-post-thumbnail","hentry"],"yoast_head":"<!-- This site is optimized with the Yoast SEO plugin v26.9 - https:\/\/yoast.com\/product\/yoast-seo-wordpress\/ -->\n<title>AGB - TaLK OUT LOUD | Frankfurt<\/title>\n<meta name=\"robots\" content=\"index, follow, max-snippet:-1, max-image-preview:large, max-video-preview:-1\" \/>\n<link rel=\"canonical\" href=\"https:\/\/www.talkoutloud.de\/en\/agb\/\" \/>\n<meta property=\"og:locale\" content=\"en_US\" \/>\n<meta property=\"og:type\" content=\"article\" \/>\n<meta property=\"og:title\" content=\"AGB - TaLK OUT LOUD | Frankfurt\" \/>\n<meta property=\"og:url\" content=\"https:\/\/www.talkoutloud.de\/en\/agb\/\" \/>\n<meta property=\"og:site_name\" content=\"TaLK OUT LOUD | Frankfurt\" \/>\n<meta property=\"article:modified_time\" content=\"2025-03-27T15:39:29+00:00\" \/>\n<meta property=\"og:image\" content=\"https:\/\/www.talkoutloud.de\/wp-content\/uploads\/2021\/09\/katha_01.jpg\" \/>\n\t<meta property=\"og:image:width\" content=\"1920\" \/>\n\t<meta property=\"og:image:height\" content=\"1280\" \/>\n\t<meta property=\"og:image:type\" content=\"image\/jpeg\" \/>\n<meta name=\"twitter:card\" content=\"summary_large_image\" \/>\n<meta name=\"twitter:label1\" content=\"Est. reading time\" \/>\n\t<meta name=\"twitter:data1\" content=\"6 minutes\" \/>\n<script type=\"application\/ld+json\" class=\"yoast-schema-graph\">{\"@context\":\"https:\/\/schema.org\",\"@graph\":[{\"@type\":\"WebPage\",\"@id\":\"https:\/\/www.talkoutloud.de\/en\/agb\/\",\"url\":\"https:\/\/www.talkoutloud.de\/en\/agb\/\",\"name\":\"AGB - TaLK OUT LOUD | Frankfurt\",\"isPartOf\":{\"@id\":\"https:\/\/www.talkoutloud.de\/en\/#website\"},\"primaryImageOfPage\":{\"@id\":\"https:\/\/www.talkoutloud.de\/en\/agb\/#primaryimage\"},\"image\":{\"@id\":\"https:\/\/www.talkoutloud.de\/en\/agb\/#primaryimage\"},\"thumbnailUrl\":\"https:\/\/www.talkoutloud.de\/wp-content\/uploads\/2021\/09\/katha_01.jpg\",\"datePublished\":\"2021-09-27T19:12:25+00:00\",\"dateModified\":\"2025-03-27T15:39:29+00:00\",\"breadcrumb\":{\"@id\":\"https:\/\/www.talkoutloud.de\/en\/agb\/#breadcrumb\"},\"inLanguage\":\"en-US\",\"potentialAction\":[{\"@type\":\"ReadAction\",\"target\":[\"https:\/\/www.talkoutloud.de\/en\/agb\/\"]}]},{\"@type\":\"ImageObject\",\"inLanguage\":\"en-US\",\"@id\":\"https:\/\/www.talkoutloud.de\/en\/agb\/#primaryimage\",\"url\":\"https:\/\/www.talkoutloud.de\/wp-content\/uploads\/2021\/09\/katha_01.jpg\",\"contentUrl\":\"https:\/\/www.talkoutloud.de\/wp-content\/uploads\/2021\/09\/katha_01.jpg\",\"width\":1920,\"height\":1280},{\"@type\":\"BreadcrumbList\",\"@id\":\"https:\/\/www.talkoutloud.de\/en\/agb\/#breadcrumb\",\"itemListElement\":[{\"@type\":\"ListItem\",\"position\":1,\"name\":\"Startseite\",\"item\":\"https:\/\/www.talkoutloud.de\/en\/\"},{\"@type\":\"ListItem\",\"position\":2,\"name\":\"AGB\"}]},{\"@type\":\"WebSite\",\"@id\":\"https:\/\/www.talkoutloud.de\/en\/#website\",\"url\":\"https:\/\/www.talkoutloud.de\/en\/\",\"name\":\"talkoutloud\",\"description\":\"Coaching f\u00fcr Frauen | Life Coaching | Karriere Coaching | Business Coaching | Job Coaching | Start Up Coaching \u2013 pers\u00f6nlich | vor Ort in Frankfurt | online deutschlandweit\",\"publisher\":{\"@id\":\"https:\/\/www.talkoutloud.de\/en\/#organization\"},\"potentialAction\":[{\"@type\":\"SearchAction\",\"target\":{\"@type\":\"EntryPoint\",\"urlTemplate\":\"https:\/\/www.talkoutloud.de\/en\/?s={search_term_string}\"},\"query-input\":{\"@type\":\"PropertyValueSpecification\",\"valueRequired\":true,\"valueName\":\"search_term_string\"}}],\"inLanguage\":\"en-US\"},{\"@type\":\"Organization\",\"@id\":\"https:\/\/www.talkoutloud.de\/en\/#organization\",\"name\":\"TaLK OUT LOUD\",\"url\":\"https:\/\/www.talkoutloud.de\/en\/\",\"logo\":{\"@type\":\"ImageObject\",\"inLanguage\":\"en-US\",\"@id\":\"https:\/\/www.talkoutloud.de\/en\/#\/schema\/logo\/image\/\",\"url\":\"https:\/\/www.talkoutloud.de\/wp-content\/uploads\/2021\/09\/Logo-Talk-Out-Loud_fin.png\",\"contentUrl\":\"https:\/\/www.talkoutloud.de\/wp-content\/uploads\/2021\/09\/Logo-Talk-Out-Loud_fin.png\",\"width\":566,\"height\":811,\"caption\":\"TaLK OUT LOUD\"},\"image\":{\"@id\":\"https:\/\/www.talkoutloud.de\/en\/#\/schema\/logo\/image\/\"},\"sameAs\":[\"https:\/\/www.instagram.com\/talkoutloud.de\/\"]}]}<\/script>\n<!-- \/ Yoast SEO plugin. -->","yoast_head_json":{"title":"AGB - TaLK OUT LOUD | Frankfurt","robots":{"index":"index","follow":"follow","max-snippet":"max-snippet:-1","max-image-preview":"max-image-preview:large","max-video-preview":"max-video-preview:-1"},"canonical":"https:\/\/www.talkoutloud.de\/en\/agb\/","og_locale":"en_US","og_type":"article","og_title":"AGB - TaLK OUT LOUD | Frankfurt","og_url":"https:\/\/www.talkoutloud.de\/en\/agb\/","og_site_name":"TaLK OUT LOUD | Frankfurt","article_modified_time":"2025-03-27T15:39:29+00:00","og_image":[{"width":1920,"height":1280,"url":"https:\/\/www.talkoutloud.de\/wp-content\/uploads\/2021\/09\/katha_01.jpg","type":"image\/jpeg"}],"twitter_card":"summary_large_image","twitter_misc":{"Est. reading time":"6 minutes"},"schema":{"@context":"https:\/\/schema.org","@graph":[{"@type":"WebPage","@id":"https:\/\/www.talkoutloud.de\/en\/agb\/","url":"https:\/\/www.talkoutloud.de\/en\/agb\/","name":"AGB - TaLK OUT LOUD | Frankfurt","isPartOf":{"@id":"https:\/\/www.talkoutloud.de\/en\/#website"},"primaryImageOfPage":{"@id":"https:\/\/www.talkoutloud.de\/en\/agb\/#primaryimage"},"image":{"@id":"https:\/\/www.talkoutloud.de\/en\/agb\/#primaryimage"},"thumbnailUrl":"https:\/\/www.talkoutloud.de\/wp-content\/uploads\/2021\/09\/katha_01.jpg","datePublished":"2021-09-27T19:12:25+00:00","dateModified":"2025-03-27T15:39:29+00:00","breadcrumb":{"@id":"https:\/\/www.talkoutloud.de\/en\/agb\/#breadcrumb"},"inLanguage":"en-US","potentialAction":[{"@type":"ReadAction","target":["https:\/\/www.talkoutloud.de\/en\/agb\/"]}]},{"@type":"ImageObject","inLanguage":"en-US","@id":"https:\/\/www.talkoutloud.de\/en\/agb\/#primaryimage","url":"https:\/\/www.talkoutloud.de\/wp-content\/uploads\/2021\/09\/katha_01.jpg","contentUrl":"https:\/\/www.talkoutloud.de\/wp-content\/uploads\/2021\/09\/katha_01.jpg","width":1920,"height":1280},{"@type":"BreadcrumbList","@id":"https:\/\/www.talkoutloud.de\/en\/agb\/#breadcrumb","itemListElement":[{"@type":"ListItem","position":1,"name":"Startseite","item":"https:\/\/www.talkoutloud.de\/en\/"},{"@type":"ListItem","position":2,"name":"AGB"}]},{"@type":"WebSite","@id":"https:\/\/www.talkoutloud.de\/en\/#website","url":"https:\/\/www.talkoutloud.de\/en\/","name":"talkoutloud","description":"Coaching f\u00fcr Frauen | Life Coaching | Karriere Coaching | Business Coaching | Job Coaching | Start Up Coaching \u2013 pers\u00f6nlich | vor Ort in Frankfurt | online deutschlandweit","publisher":{"@id":"https:\/\/www.talkoutloud.de\/en\/#organization"},"potentialAction":[{"@type":"SearchAction","target":{"@type":"EntryPoint","urlTemplate":"https:\/\/www.talkoutloud.de\/en\/?s={search_term_string}"},"query-input":{"@type":"PropertyValueSpecification","valueRequired":true,"valueName":"search_term_string"}}],"inLanguage":"en-US"},{"@type":"Organization","@id":"https:\/\/www.talkoutloud.de\/en\/#organization","name":"TaLK OUT LOUD","url":"https:\/\/www.talkoutloud.de\/en\/","logo":{"@type":"ImageObject","inLanguage":"en-US","@id":"https:\/\/www.talkoutloud.de\/en\/#\/schema\/logo\/image\/","url":"https:\/\/www.talkoutloud.de\/wp-content\/uploads\/2021\/09\/Logo-Talk-Out-Loud_fin.png","contentUrl":"https:\/\/www.talkoutloud.de\/wp-content\/uploads\/2021\/09\/Logo-Talk-Out-Loud_fin.png","width":566,"height":811,"caption":"TaLK OUT LOUD"},"image":{"@id":"https:\/\/www.talkoutloud.de\/en\/#\/schema\/logo\/image\/"},"sameAs":["https:\/\/www.instagram.com\/talkoutloud.de\/"]}]}},"_links":{"self":[{"href":"https:\/\/www.talkoutloud.de\/en\/wp-json\/wp\/v2\/pages\/3017","targetHints":{"allow":["GET"]}}],"collection":[{"href":"https:\/\/www.talkoutloud.de\/en\/wp-json\/wp\/v2\/pages"}],"about":[{"href":"https:\/\/www.talkoutloud.de\/en\/wp-json\/wp\/v2\/types\/page"}],"author":[{"embeddable":true,"href":"https:\/\/www.talkoutloud.de\/en\/wp-json\/wp\/v2\/users\/3"}],"replies":[{"embeddable":true,"href":"https:\/\/www.talkoutloud.de\/en\/wp-json\/wp\/v2\/comments?post=3017"}],"version-history":[{"count":3,"href":"https:\/\/www.talkoutloud.de\/en\/wp-json\/wp\/v2\/pages\/3017\/revisions"}],"predecessor-version":[{"id":3020,"href":"https:\/\/www.talkoutloud.de\/en\/wp-json\/wp\/v2\/pages\/3017\/revisions\/3020"}],"wp:featuredmedia":[{"embeddable":true,"href":"https:\/\/www.talkoutloud.de\/en\/wp-json\/wp\/v2\/media\/2955"}],"wp:attachment":[{"href":"https:\/\/www.talkoutloud.de\/en\/wp-json\/wp\/v2\/media?parent=3017"}],"curies":[{"name":"wp","href":"https:\/\/api.w.org\/{rel}","templated":true}]}}