{"id":3021,"date":"2021-09-27T21:35:15","date_gmt":"2021-09-27T19:35:15","guid":{"rendered":"https:\/\/www.talkoutloud.de\/impressum\/"},"modified":"2025-03-27T16:41:00","modified_gmt":"2025-03-27T15:41:00","slug":"impressum","status":"publish","type":"page","link":"https:\/\/www.talkoutloud.de\/en\/impressum\/","title":{"rendered":"Impressum"},"content":{"rendered":"<section class=\"l-section wpb_row us_custom_6df4bc3a has_text_color height_medium\"><div class=\"l-section-overlay\" style=\"background:rgba(70,80,30,0.60)\"><\/div><div class=\"l-section-h i-cf\"><div class=\"g-cols vc_row via_grid cols_1 laptops-cols_inherit tablets-cols_inherit mobiles-cols_1 valign_top type_default stacking_default\"><div class=\"wpb_column vc_column_container\"><div class=\"vc_column-inner\"><div class=\"wpb_text_column\"><div class=\"wpb_wrapper\"><div class=\"page\" title=\"Page 11\">\n<div class=\"layoutArea\">\n<div class=\"column\">\n<h2 style=\"text-align: center;\">IMPRINT<\/h2>\n<\/div>\n<\/div>\n<\/div>\n<\/div><\/div><\/div><\/div><\/div><\/div><\/section><section class=\"l-section wpb_row height_auto\" id=\"angebot\"><div class=\"l-section-h i-cf\"><div class=\"g-cols vc_row via_grid cols_1-4-1 laptops-cols_inherit tablets-cols_inherit mobiles-cols_1 valign_middle type_default stacking_default\"><div class=\"wpb_column vc_column_container\"><div class=\"vc_column-inner\"><\/div><\/div><div class=\"wpb_column vc_column_container\"><div class=\"vc_column-inner\"><div class=\"ult-spacer spacer-69e1d8c040755\" data-id=\"69e1d8c040755\" data-height=\"50\" data-height-mobile=\"50\" data-height-tab=\"50\" data-height-tab-portrait=\"\" data-height-mobile-landscape=\"\" style=\"clear:both;display:block;\"><\/div><div class=\"wpb_text_column\"><div class=\"wpb_wrapper\"><p>Vielen Dank an Michelle Sch\u00f6nbein, der ich diese wunderbaren Fotografien<br \/>\nzu verdanken haben.<\/p>\n<p>Katharina Volk<br \/>\nTaLK OUT LOUD<br \/>\nBr\u00f6nnerstra\u00dfe 17<br \/>\n60313 Frankfurt am Main<\/p>\n<h2>Kontakt<\/h2>\n<p>Telefon: 0157 92 38 66 84<br \/>\nE-Mail: katharina.volk@talkoutloud.de<\/p>\n<h2>Umsatzsteuer-ID<\/h2>\n<p>Umsatzsteuer-Identifikationsnummer gem\u00e4\u00df \u00a7 27 a Umsatzsteuergesetz:<br \/>\nDE359296634<\/p>\n<h2>EU-Streitschlichtung<\/h2>\n<p>Die Europ\u00e4ische Kommission stellt eine Plattform zur Online-Streitbeilegung (OS) bereit: <a href=\"https:\/\/ec.europa.eu\/consumers\/odr\/\" target=\"_blank\" rel=\"noopener noreferrer\">https:\/\/ec.europa.eu\/consumers\/odr\/<\/a>.<br \/>\nUnsere E-Mail-Adresse finden Sie oben im Impressum.<\/p>\n<h2>Verbraucher\u00adstreit\u00adbeilegung\/Universal\u00adschlichtungs\u00adstelle<\/h2>\n<p>Wir sind nicht bereit oder verpflichtet, an Streitbeilegungsverfahren vor einer Verbraucherschlichtungsstelle teilzunehmen.<\/p>\n<h2>Bildnachweise<\/h2>\n<p>Kontakt \/ Anfahrtsskizze: \u00a9New Vectors, iStock<\/p>\n<\/div><\/div><div class=\"ult-spacer spacer-69e1d8c04097d\" data-id=\"69e1d8c04097d\" data-height=\"50\" data-height-mobile=\"50\" data-height-tab=\"50\" data-height-tab-portrait=\"\" data-height-mobile-landscape=\"\" style=\"clear:both;display:block;\"><\/div><\/div><\/div><div class=\"wpb_column vc_column_container\"><div class=\"vc_column-inner\"><\/div><\/div><\/div><\/div><\/section>\n","protected":false},"excerpt":{"rendered":"IMPRINT Vielen Dank an Michelle Sch\u00f6nbein, der ich diese wunderbaren Fotografien zu verdanken haben. Katharina Volk TaLK OUT LOUD Br\u00f6nnerstra\u00dfe 17 60313 Frankfurt am Main Kontakt Telefon: 0157 92 38 66 84 E-Mail: katharina.volk@talkoutloud.de Umsatzsteuer-ID Umsatzsteuer-Identifikationsnummer gem\u00e4\u00df \u00a7 27 a Umsatzsteuergesetz: DE359296634 EU-Streitschlichtung Die Europ\u00e4ische Kommission stellt eine Plattform zur Online-Streitbeilegung (OS) bereit: https:\/\/ec.europa.eu\/consumers\/odr\/. Unsere...","protected":false},"author":1,"featured_media":2955,"parent":0,"menu_order":0,"comment_status":"closed","ping_status":"closed","template":"","meta":{"footnotes":""},"class_list":["post-3021","page","type-page","status-publish","has-post-thumbnail","hentry"],"yoast_head":"<!-- This site is optimized with the Yoast SEO plugin v26.9 - https:\/\/yoast.com\/product\/yoast-seo-wordpress\/ -->\n<title>Impressum - TaLK OUT LOUD | Frankfurt<\/title>\n<meta name=\"robots\" content=\"index, follow, max-snippet:-1, max-image-preview:large, max-video-preview:-1\" \/>\n<link rel=\"canonical\" href=\"https:\/\/www.talkoutloud.de\/en\/impressum\/\" \/>\n<meta property=\"og:locale\" content=\"en_US\" \/>\n<meta property=\"og:type\" content=\"article\" \/>\n<meta property=\"og:title\" content=\"Impressum - TaLK OUT LOUD | Frankfurt\" \/>\n<meta property=\"og:url\" content=\"https:\/\/www.talkoutloud.de\/en\/impressum\/\" \/>\n<meta property=\"og:site_name\" content=\"TaLK OUT LOUD | Frankfurt\" \/>\n<meta property=\"article:modified_time\" content=\"2025-03-27T15:41:00+00:00\" \/>\n<meta property=\"og:image\" content=\"https:\/\/www.talkoutloud.de\/wp-content\/uploads\/2021\/09\/katha_01.jpg\" \/>\n\t<meta property=\"og:image:width\" content=\"1920\" \/>\n\t<meta property=\"og:image:height\" content=\"1280\" \/>\n\t<meta property=\"og:image:type\" content=\"image\/jpeg\" \/>\n<meta name=\"twitter:card\" content=\"summary_large_image\" \/>\n<meta name=\"twitter:label1\" content=\"Est. reading time\" \/>\n\t<meta name=\"twitter:data1\" content=\"2 minutes\" \/>\n<script type=\"application\/ld+json\" class=\"yoast-schema-graph\">{\"@context\":\"https:\/\/schema.org\",\"@graph\":[{\"@type\":\"WebPage\",\"@id\":\"https:\/\/www.talkoutloud.de\/en\/impressum\/\",\"url\":\"https:\/\/www.talkoutloud.de\/en\/impressum\/\",\"name\":\"Impressum - TaLK OUT LOUD | Frankfurt\",\"isPartOf\":{\"@id\":\"https:\/\/www.talkoutloud.de\/en\/#website\"},\"primaryImageOfPage\":{\"@id\":\"https:\/\/www.talkoutloud.de\/en\/impressum\/#primaryimage\"},\"image\":{\"@id\":\"https:\/\/www.talkoutloud.de\/en\/impressum\/#primaryimage\"},\"thumbnailUrl\":\"https:\/\/www.talkoutloud.de\/wp-content\/uploads\/2021\/09\/katha_01.jpg\",\"datePublished\":\"2021-09-27T19:35:15+00:00\",\"dateModified\":\"2025-03-27T15:41:00+00:00\",\"breadcrumb\":{\"@id\":\"https:\/\/www.talkoutloud.de\/en\/impressum\/#breadcrumb\"},\"inLanguage\":\"en-US\",\"potentialAction\":[{\"@type\":\"ReadAction\",\"target\":[\"https:\/\/www.talkoutloud.de\/en\/impressum\/\"]}]},{\"@type\":\"ImageObject\",\"inLanguage\":\"en-US\",\"@id\":\"https:\/\/www.talkoutloud.de\/en\/impressum\/#primaryimage\",\"url\":\"https:\/\/www.talkoutloud.de\/wp-content\/uploads\/2021\/09\/katha_01.jpg\",\"contentUrl\":\"https:\/\/www.talkoutloud.de\/wp-content\/uploads\/2021\/09\/katha_01.jpg\",\"width\":1920,\"height\":1280},{\"@type\":\"BreadcrumbList\",\"@id\":\"https:\/\/www.talkoutloud.de\/en\/impressum\/#breadcrumb\",\"itemListElement\":[{\"@type\":\"ListItem\",\"position\":1,\"name\":\"Startseite\",\"item\":\"https:\/\/www.talkoutloud.de\/en\/\"},{\"@type\":\"ListItem\",\"position\":2,\"name\":\"Impressum\"}]},{\"@type\":\"WebSite\",\"@id\":\"https:\/\/www.talkoutloud.de\/en\/#website\",\"url\":\"https:\/\/www.talkoutloud.de\/en\/\",\"name\":\"talkoutloud\",\"description\":\"Coaching f\u00fcr Frauen | Life Coaching | Karriere Coaching | Business Coaching | Job Coaching | Start Up Coaching \u2013 pers\u00f6nlich | vor Ort in Frankfurt | online deutschlandweit\",\"publisher\":{\"@id\":\"https:\/\/www.talkoutloud.de\/en\/#organization\"},\"potentialAction\":[{\"@type\":\"SearchAction\",\"target\":{\"@type\":\"EntryPoint\",\"urlTemplate\":\"https:\/\/www.talkoutloud.de\/en\/?s={search_term_string}\"},\"query-input\":{\"@type\":\"PropertyValueSpecification\",\"valueRequired\":true,\"valueName\":\"search_term_string\"}}],\"inLanguage\":\"en-US\"},{\"@type\":\"Organization\",\"@id\":\"https:\/\/www.talkoutloud.de\/en\/#organization\",\"name\":\"TaLK OUT LOUD\",\"url\":\"https:\/\/www.talkoutloud.de\/en\/\",\"logo\":{\"@type\":\"ImageObject\",\"inLanguage\":\"en-US\",\"@id\":\"https:\/\/www.talkoutloud.de\/en\/#\/schema\/logo\/image\/\",\"url\":\"https:\/\/www.talkoutloud.de\/wp-content\/uploads\/2021\/09\/Logo-Talk-Out-Loud_fin.png\",\"contentUrl\":\"https:\/\/www.talkoutloud.de\/wp-content\/uploads\/2021\/09\/Logo-Talk-Out-Loud_fin.png\",\"width\":566,\"height\":811,\"caption\":\"TaLK OUT LOUD\"},\"image\":{\"@id\":\"https:\/\/www.talkoutloud.de\/en\/#\/schema\/logo\/image\/\"},\"sameAs\":[\"https:\/\/www.instagram.com\/talkoutloud.de\/\"]}]}<\/script>\n<!-- \/ Yoast SEO plugin. -->","yoast_head_json":{"title":"Impressum - TaLK OUT LOUD | Frankfurt","robots":{"index":"index","follow":"follow","max-snippet":"max-snippet:-1","max-image-preview":"max-image-preview:large","max-video-preview":"max-video-preview:-1"},"canonical":"https:\/\/www.talkoutloud.de\/en\/impressum\/","og_locale":"en_US","og_type":"article","og_title":"Impressum - TaLK OUT LOUD | Frankfurt","og_url":"https:\/\/www.talkoutloud.de\/en\/impressum\/","og_site_name":"TaLK OUT LOUD | Frankfurt","article_modified_time":"2025-03-27T15:41:00+00:00","og_image":[{"width":1920,"height":1280,"url":"https:\/\/www.talkoutloud.de\/wp-content\/uploads\/2021\/09\/katha_01.jpg","type":"image\/jpeg"}],"twitter_card":"summary_large_image","twitter_misc":{"Est. reading time":"2 minutes"},"schema":{"@context":"https:\/\/schema.org","@graph":[{"@type":"WebPage","@id":"https:\/\/www.talkoutloud.de\/en\/impressum\/","url":"https:\/\/www.talkoutloud.de\/en\/impressum\/","name":"Impressum - TaLK OUT LOUD | Frankfurt","isPartOf":{"@id":"https:\/\/www.talkoutloud.de\/en\/#website"},"primaryImageOfPage":{"@id":"https:\/\/www.talkoutloud.de\/en\/impressum\/#primaryimage"},"image":{"@id":"https:\/\/www.talkoutloud.de\/en\/impressum\/#primaryimage"},"thumbnailUrl":"https:\/\/www.talkoutloud.de\/wp-content\/uploads\/2021\/09\/katha_01.jpg","datePublished":"2021-09-27T19:35:15+00:00","dateModified":"2025-03-27T15:41:00+00:00","breadcrumb":{"@id":"https:\/\/www.talkoutloud.de\/en\/impressum\/#breadcrumb"},"inLanguage":"en-US","potentialAction":[{"@type":"ReadAction","target":["https:\/\/www.talkoutloud.de\/en\/impressum\/"]}]},{"@type":"ImageObject","inLanguage":"en-US","@id":"https:\/\/www.talkoutloud.de\/en\/impressum\/#primaryimage","url":"https:\/\/www.talkoutloud.de\/wp-content\/uploads\/2021\/09\/katha_01.jpg","contentUrl":"https:\/\/www.talkoutloud.de\/wp-content\/uploads\/2021\/09\/katha_01.jpg","width":1920,"height":1280},{"@type":"BreadcrumbList","@id":"https:\/\/www.talkoutloud.de\/en\/impressum\/#breadcrumb","itemListElement":[{"@type":"ListItem","position":1,"name":"Startseite","item":"https:\/\/www.talkoutloud.de\/en\/"},{"@type":"ListItem","position":2,"name":"Impressum"}]},{"@type":"WebSite","@id":"https:\/\/www.talkoutloud.de\/en\/#website","url":"https:\/\/www.talkoutloud.de\/en\/","name":"talkoutloud","description":"Coaching f\u00fcr Frauen | Life Coaching | Karriere Coaching | Business Coaching | Job Coaching | Start Up Coaching \u2013 pers\u00f6nlich | vor Ort in Frankfurt | online deutschlandweit","publisher":{"@id":"https:\/\/www.talkoutloud.de\/en\/#organization"},"potentialAction":[{"@type":"SearchAction","target":{"@type":"EntryPoint","urlTemplate":"https:\/\/www.talkoutloud.de\/en\/?s={search_term_string}"},"query-input":{"@type":"PropertyValueSpecification","valueRequired":true,"valueName":"search_term_string"}}],"inLanguage":"en-US"},{"@type":"Organization","@id":"https:\/\/www.talkoutloud.de\/en\/#organization","name":"TaLK OUT LOUD","url":"https:\/\/www.talkoutloud.de\/en\/","logo":{"@type":"ImageObject","inLanguage":"en-US","@id":"https:\/\/www.talkoutloud.de\/en\/#\/schema\/logo\/image\/","url":"https:\/\/www.talkoutloud.de\/wp-content\/uploads\/2021\/09\/Logo-Talk-Out-Loud_fin.png","contentUrl":"https:\/\/www.talkoutloud.de\/wp-content\/uploads\/2021\/09\/Logo-Talk-Out-Loud_fin.png","width":566,"height":811,"caption":"TaLK OUT LOUD"},"image":{"@id":"https:\/\/www.talkoutloud.de\/en\/#\/schema\/logo\/image\/"},"sameAs":["https:\/\/www.instagram.com\/talkoutloud.de\/"]}]}},"_links":{"self":[{"href":"https:\/\/www.talkoutloud.de\/en\/wp-json\/wp\/v2\/pages\/3021","targetHints":{"allow":["GET"]}}],"collection":[{"href":"https:\/\/www.talkoutloud.de\/en\/wp-json\/wp\/v2\/pages"}],"about":[{"href":"https:\/\/www.talkoutloud.de\/en\/wp-json\/wp\/v2\/types\/page"}],"author":[{"embeddable":true,"href":"https:\/\/www.talkoutloud.de\/en\/wp-json\/wp\/v2\/users\/1"}],"replies":[{"embeddable":true,"href":"https:\/\/www.talkoutloud.de\/en\/wp-json\/wp\/v2\/comments?post=3021"}],"version-history":[{"count":1,"href":"https:\/\/www.talkoutloud.de\/en\/wp-json\/wp\/v2\/pages\/3021\/revisions"}],"predecessor-version":[{"id":3022,"href":"https:\/\/www.talkoutloud.de\/en\/wp-json\/wp\/v2\/pages\/3021\/revisions\/3022"}],"wp:featuredmedia":[{"embeddable":true,"href":"https:\/\/www.talkoutloud.de\/en\/wp-json\/wp\/v2\/media\/2955"}],"wp:attachment":[{"href":"https:\/\/www.talkoutloud.de\/en\/wp-json\/wp\/v2\/media?parent=3021"}],"curies":[{"name":"wp","href":"https:\/\/api.w.org\/{rel}","templated":true}]}}