{"id":3038,"date":"2021-09-27T17:02:13","date_gmt":"2021-09-27T15:02:13","guid":{"rendered":"https:\/\/www.talkoutloud.de\/coaching\/coaching-in-unternehmen-frankfurt\/"},"modified":"2025-05-08T15:08:22","modified_gmt":"2025-05-08T13:08:22","slug":"coaching-in-unternehmen-frankfurt","status":"publish","type":"page","link":"https:\/\/www.talkoutloud.de\/en\/coaching\/coaching-in-unternehmen-frankfurt\/","title":{"rendered":"Coaching in Unternehmen"},"content":{"rendered":"<section class=\"l-section wpb_row us_custom_6df4bc3a has_text_color height_medium\"><div class=\"l-section-overlay\" style=\"background:rgba(70,80,30,0.60)\"><\/div><div class=\"l-section-h i-cf\"><div class=\"g-cols vc_row via_grid cols_1 laptops-cols_inherit tablets-cols_inherit mobiles-cols_1 valign_top type_default stacking_default\"><div class=\"wpb_column vc_column_container\"><div class=\"vc_column-inner\"><div class=\"wpb_text_column us_custom_13f345bd\"><div class=\"wpb_wrapper\"><div class=\"page\" title=\"Page 11\">\n<div class=\"layoutArea\">\n<div class=\"column\">\n<p style=\"text-align: center;\"><strong>SPEAK UP<\/strong><\/p>\n<\/div>\n<\/div>\n<\/div>\n<\/div><\/div><div class=\"wpb_text_column us_custom_d15060b8\"><div class=\"wpb_wrapper\"><h1 style=\"text-align: center;\">Coaching in Unternehmen<\/h1>\n<\/div><\/div><\/div><\/div><\/div><\/div><\/section><section class=\"l-section wpb_row height_auto\"><div class=\"l-section-h i-cf\"><div class=\"g-cols vc_row via_grid cols_custom laptops-cols_inherit tablets-cols_inherit mobiles-cols_1 valign_top type_default stacking_default\" style=\"--custom-columns:1fr 4fr 1fr \"><div class=\"wpb_column vc_column_container\"><div class=\"vc_column-inner\"><\/div><\/div><div class=\"wpb_column vc_column_container\"><div class=\"vc_column-inner\"><div class=\"ult-spacer spacer-69e75da4662e5\" data-id=\"69e75da4662e5\" data-height=\"70\" data-height-mobile=\"35\" data-height-tab=\"50\" data-height-tab-portrait=\"50\" data-height-mobile-landscape=\"35\" style=\"clear:both;display:block;\"><\/div><div class=\"wpb_text_column\"><div class=\"wpb_wrapper\"><p><span style=\"font-weight: 400;\">Nutze 1:1-Coachings als Instrument zur Mitarbeiter:innenbindung. Die Anzahl an Konfliktpotenzialen in Unternehmen nimmt im heutigen Zusammenhang von Schnelllebigkeit des Gesch\u00e4fts, einem hohen Ma\u00df an Organisationsver\u00e4nderung und einer hohen Anforderung an die Mitarbeitenden in Bezug auf Know-how, Komplexit\u00e4t, Flexibilit\u00e4t und Selbstorganisation zu. Mein individuelles Fach- und F\u00fchrungskr\u00e4fte Coaching unterst\u00fctzt deine Kolleg:innen und Mitarbeiter:innen bei ihren pers\u00f6nlichen Herausforderungen, f\u00f6rdert Verbindung und Vertrauen, stabilisiert und motiviert.<\/span><\/p>\n<p><span style=\"font-weight: 400;\">Als kommunikationsstarke empathische Life &amp; Karriere Coachin unterst\u00fctze ich im Auftrag Fach- und F\u00fchrungskr\u00e4fte, unter anderem bei inneren und \u00e4u\u00dferen Konflikten im Office sowie bei Burnout und Resilienz Management. Meine Diskretion gegen\u00fcber Mitarbeiter:innen und dem Unternehmen, schafft in den Einzelsitzungen R\u00e4ume f\u00fcr offene Kommunikation, nachhaltige L\u00f6sungen und gefestigte Beziehungen<\/span><\/p>\n<p>Melde dich jetzt f\u00fcr ein kostenloses Erstgespr\u00e4ch.<\/p>\n<\/div><\/div><div class=\"ult-spacer spacer-69e75da4664cc\" data-id=\"69e75da4664cc\" data-height=\"25\" data-height-mobile=\"25\" data-height-tab=\"25\" data-height-tab-portrait=\"\" data-height-mobile-landscape=\"\" style=\"clear:both;display:block;\"><\/div><div class=\"w-btn-wrapper align_center\"><a class=\"w-btn us-btn-style_1\" title=\"Kontakt\" href=\"https:\/\/www.talkoutloud.de\/kontakt-coaching-frankfurt\/\"><span class=\"w-btn-label\">Kontakt aufnehmen<\/span><\/a><\/div><div class=\"ult-spacer spacer-69e75da4666a8\" data-id=\"69e75da4666a8\" data-height=\"70\" data-height-mobile=\"35\" data-height-tab=\"50\" data-height-tab-portrait=\"50\" data-height-mobile-landscape=\"35\" style=\"clear:both;display:block;\"><\/div><\/div><\/div><div class=\"wpb_column vc_column_container\"><div class=\"vc_column-inner\"><\/div><\/div><\/div><\/div><\/section><section class=\"l-section wpb_row height_auto width_full\"><div class=\"l-section-h i-cf\"><div class=\"g-cols vc_row via_grid cols_2-3 laptops-cols_inherit tablets-cols_inherit mobiles-cols_1 valign_middle type_default stacking_default\" style=\"--columns-gap:0px;\"><div class=\"wpb_column vc_column_container us_custom_9c37da24 has_bg_color\"><div class=\"vc_column-inner\"><\/div><\/div><div class=\"wpb_column vc_column_container us_custom_0631cd92 has_bg_color\"><div class=\"vc_column-inner\"><div class=\"wpb_text_column us_custom_46dd66f7\"><div class=\"wpb_wrapper\"><p><strong>Die Gewinnung von Mitarbeiter:innen und das Halten von wertvollen Kolleg:innen erweist sich als Herausforderung?<br \/>\nNutze Einzelcoachings als Instrument zur Mitarbeiterbindung.<\/strong><\/p>\n<\/div><\/div><\/div><\/div><\/div><\/div><\/section><section class=\"l-section wpb_row height_large\"><div class=\"l-section-overlay\" style=\"background:rgba(70,80,30,0.60)\"><\/div><div class=\"l-section-h i-cf\"><div class=\"g-cols vc_row via_grid cols_2 laptops-cols_inherit tablets-cols_inherit mobiles-cols_1 valign_top type_default stacking_default\"><div class=\"wpb_column vc_column_container\"><div class=\"vc_column-inner\"><div class=\"wpb_text_column us_custom_6df4bc3a has_text_color\"><div class=\"wpb_wrapper\"><h2>Themen<\/h2>\n<ul>\n<li>Fach- und F\u00fchrungskr\u00e4fteentwicklung<\/li>\n<li>Eigenverantwortung<\/li>\n<li>Verbesserung der Zusammenarbeit<\/li>\n<li>Optimierung der Kommunikation<\/li>\n<li>Mitarbeitergespr\u00e4che<\/li>\n<li>Zeitmanagement<\/li>\n<li>Burnout Pr\u00e4vention<\/li>\n<li>Steigerung der Resilienz<\/li>\n<\/ul>\n<\/div><\/div><\/div><\/div><div class=\"wpb_column vc_column_container\"><div class=\"vc_column-inner\"><div class=\"wpb_text_column us_custom_6df4bc3a has_text_color\"><div class=\"wpb_wrapper\"><h2>Ziele<\/h2>\n<ul>\n<li><span style=\"font-weight: 400;\">Mitarbeiter:innenbindung <\/span><\/li>\n<li><span style=\"font-weight: 400;\">Entwicklungsplanung<\/span><\/li>\n<li>individuelle F\u00f6rderung<\/li>\n<li>Steigerung der Motivation<\/li>\n<li><span style=\"font-weight: 400;\">Konfliktvorbeugung<\/span><\/li>\n<li><span style=\"font-weight: 400;\">Teamzusammenhalt<\/span><\/li>\n<li>Positionierung von F\u00fchrungskr\u00e4ften<\/li>\n<li>Erreichen der Unternehmensziele<\/li>\n<\/ul>\n<\/div><\/div><\/div><\/div><\/div><\/div><\/section><section class=\"l-section wpb_row height_large\"><div class=\"l-section-h i-cf\"><div class=\"g-cols vc_row via_grid cols_1-3 laptops-cols_inherit tablets-cols_inherit mobiles-cols_1 valign_middle type_default stacking_default\"><div class=\"wpb_column vc_column_container\"><div class=\"vc_column-inner\"><div class=\"w-image us_custom_6dd906e2 align_center\"><div class=\"w-image-h\"><img decoding=\"async\" width=\"300\" height=\"300\" data-src=\"https:\/\/www.talkoutloud.de\/wp-content\/uploads\/2021\/09\/2-Vignette-speak-up_Coaching-in-Unternehmen-300x300.jpg\" class=\"attachment-medium size-medium lazyload\" alt=\"\" data-srcset=\"https:\/\/www.talkoutloud.de\/wp-content\/uploads\/2021\/09\/2-Vignette-speak-up_Coaching-in-Unternehmen-300x300.jpg 300w, https:\/\/www.talkoutloud.de\/wp-content\/uploads\/2021\/09\/2-Vignette-speak-up_Coaching-in-Unternehmen-1024x1024.jpg 1024w, https:\/\/www.talkoutloud.de\/wp-content\/uploads\/2021\/09\/2-Vignette-speak-up_Coaching-in-Unternehmen-150x150.jpg 150w, https:\/\/www.talkoutloud.de\/wp-content\/uploads\/2021\/09\/2-Vignette-speak-up_Coaching-in-Unternehmen-1536x1536.jpg 1536w, https:\/\/www.talkoutloud.de\/wp-content\/uploads\/2021\/09\/2-Vignette-speak-up_Coaching-in-Unternehmen.jpg 2048w\" data-sizes=\"auto, (max-width: 300px) 100vw, 300px\" src=\"data:image\/svg+xml;base64,PHN2ZyB3aWR0aD0iMSIgaGVpZ2h0PSIxIiB4bWxucz0iaHR0cDovL3d3dy53My5vcmcvMjAwMC9zdmciPjwvc3ZnPg==\" style=\"--smush-placeholder-width: 300px; --smush-placeholder-aspect-ratio: 300\/300;\" \/><\/div><\/div><\/div><\/div><div class=\"wpb_column vc_column_container\"><div class=\"vc_column-inner\"><div class=\"wpb_text_column\"><div class=\"wpb_wrapper\"><h2>Coaching in Unternehmen<\/h2>\n<p>Stetiger Wandel fordert stetige Weiterentwicklung von Mitarbeitenden und Teams \u2013 gemeinsam erreichen wir ein st\u00e4rkengetreues Coaching. Hast du Interesse, mit mir zu sprechen und mehr \u00fcber mein Coaching in Unternehmen zu erfahren?<\/p>\n<div class=\"wpb_text_column\">\n<div class=\"wpb_wrapper\">\n<p>Melde dich jetzt f\u00fcr ein kostenloses Erstgespr\u00e4ch.<\/p>\n<\/div>\n<\/div>\n<\/div><\/div><div class=\"ult-spacer spacer-69e75da468f47\" data-id=\"69e75da468f47\" data-height=\"25\" data-height-mobile=\"25\" data-height-tab=\"25\" data-height-tab-portrait=\"\" data-height-mobile-landscape=\"\" style=\"clear:both;display:block;\"><\/div><div class=\"w-btn-wrapper align_left\"><a class=\"w-btn us-btn-style_1\" title=\"Kontakt\" href=\"https:\/\/www.talkoutloud.de\/kontakt-coaching-frankfurt\/\"><span class=\"w-btn-label\">Kontakt aufnehmen<\/span><\/a><\/div><\/div><\/div><\/div><\/div><\/section><section class=\"l-section wpb_row height_large\"><div class=\"l-section-overlay\" style=\"background:rgba(70,80,30,0.60)\"><\/div><div class=\"l-section-h i-cf\"><div class=\"g-cols vc_row via_grid cols_2-1 laptops-cols_inherit tablets-cols_inherit mobiles-cols_1 valign_top type_default stacking_default\"><div class=\"wpb_column vc_column_container\"><div class=\"vc_column-inner\"><div class=\"wpb_text_column us_custom_6df4bc3a has_text_color\"><div class=\"wpb_wrapper\"><h3>Methodik<\/h3>\n<ul>\n<li>systemisches Business Coaching | Einzelcoachings<\/li>\n<li>bei Interesse Integration von K\u00f6rpercoaching, Atemtechniken und Elementen aus der Meditation<\/li>\n<li>Kommunikation, Modelle und Training<\/li>\n<li>Transfersicherung<\/li>\n<li>erstes kostenloses Vorabgespr\u00e4ch<\/li>\n<li>Anzahl der Coaching Sessions nach vorheriger Absprache<\/li>\n<li>pers\u00f6nlich | vor Ort in Frankfurt | online deutschlandweit<\/li>\n<\/ul>\n<\/div><\/div><\/div><\/div><div class=\"wpb_column vc_column_container\"><div class=\"vc_column-inner\"><div class=\"wpb_text_column us_custom_6df4bc3a has_text_color\"><div class=\"wpb_wrapper\"><h3>Vorgehensweise<\/h3>\n<ul>\n<li>fokussiert<\/li>\n<li>empathisch<\/li>\n<li>individuell<\/li>\n<li>allparteilich<\/li>\n<li>diskret<\/li>\n<li>zielorientiert<\/li>\n<li>nachhaltig<\/li>\n<li>in Einzelcoachings<\/li>\n<\/ul>\n<\/div><\/div><\/div><\/div><\/div><\/div><\/section>\n","protected":false},"excerpt":{"rendered":"SPEAK UP Coaching in Unternehmen Nutze 1:1-Coachings als Instrument zur Mitarbeiter:innenbindung. Die Anzahl an Konfliktpotenzialen in Unternehmen nimmt im heutigen Zusammenhang von Schnelllebigkeit des Gesch\u00e4fts, einem hohen Ma\u00df an Organisationsver\u00e4nderung und einer hohen Anforderung an die Mitarbeitenden in Bezug auf Know-how, Komplexit\u00e4t, Flexibilit\u00e4t und Selbstorganisation zu. Mein individuelles Fach- und F\u00fchrungskr\u00e4fte Coaching unterst\u00fctzt deine Kolleg:innen...","protected":false},"author":1,"featured_media":2993,"parent":3036,"menu_order":0,"comment_status":"closed","ping_status":"closed","template":"","meta":{"footnotes":""},"class_list":["post-3038","page","type-page","status-publish","has-post-thumbnail","hentry"],"yoast_head":"<!-- This site is optimized with the Yoast SEO plugin v26.9 - https:\/\/yoast.com\/product\/yoast-seo-wordpress\/ -->\n<title>Coaching in Unternehmen - TaLK OUT LOUD | Frankfurt<\/title>\n<meta name=\"description\" content=\"Coaching in Unternehmen | Frankfurt | Motiviere deine Mitarbeiter:innen durch mein F\u00fchrungskr\u00e4fte, Business oder Karriere Coaching.\" \/>\n<meta name=\"robots\" content=\"index, follow, max-snippet:-1, max-image-preview:large, max-video-preview:-1\" \/>\n<link rel=\"canonical\" href=\"https:\/\/www.talkoutloud.de\/en\/coaching\/coaching-in-unternehmen-frankfurt\/\" \/>\n<meta property=\"og:locale\" content=\"en_US\" \/>\n<meta property=\"og:type\" content=\"article\" \/>\n<meta property=\"og:title\" content=\"Coaching in Unternehmen - TaLK OUT LOUD | Frankfurt\" \/>\n<meta property=\"og:description\" content=\"Coaching in Unternehmen | Frankfurt | Motiviere deine Mitarbeiter:innen durch mein F\u00fchrungskr\u00e4fte, Business oder Karriere Coaching.\" \/>\n<meta property=\"og:url\" content=\"https:\/\/www.talkoutloud.de\/en\/coaching\/coaching-in-unternehmen-frankfurt\/\" \/>\n<meta property=\"og:site_name\" content=\"TaLK OUT LOUD | Frankfurt\" \/>\n<meta property=\"article:modified_time\" content=\"2025-05-08T13:08:22+00:00\" \/>\n<meta property=\"og:image\" content=\"https:\/\/www.talkoutloud.de\/wp-content\/uploads\/2022\/09\/Katha_Foto5_NEU_Coaching-in-UnternehmenIMG_9180-scaled-e1663071147265.jpg\" \/>\n\t<meta property=\"og:image:width\" content=\"832\" \/>\n\t<meta property=\"og:image:height\" content=\"755\" \/>\n\t<meta property=\"og:image:type\" content=\"image\/jpeg\" \/>\n<meta name=\"twitter:card\" content=\"summary_large_image\" \/>\n<meta name=\"twitter:label1\" content=\"Est. reading time\" \/>\n\t<meta name=\"twitter:data1\" content=\"2 minutes\" \/>\n<script type=\"application\/ld+json\" class=\"yoast-schema-graph\">{\"@context\":\"https:\/\/schema.org\",\"@graph\":[{\"@type\":\"WebPage\",\"@id\":\"https:\/\/www.talkoutloud.de\/en\/coaching\/coaching-in-unternehmen-frankfurt\/\",\"url\":\"https:\/\/www.talkoutloud.de\/en\/coaching\/coaching-in-unternehmen-frankfurt\/\",\"name\":\"Coaching in Unternehmen - TaLK OUT LOUD | Frankfurt\",\"isPartOf\":{\"@id\":\"https:\/\/www.talkoutloud.de\/en\/#website\"},\"primaryImageOfPage\":{\"@id\":\"https:\/\/www.talkoutloud.de\/en\/coaching\/coaching-in-unternehmen-frankfurt\/#primaryimage\"},\"image\":{\"@id\":\"https:\/\/www.talkoutloud.de\/en\/coaching\/coaching-in-unternehmen-frankfurt\/#primaryimage\"},\"thumbnailUrl\":\"https:\/\/www.talkoutloud.de\/wp-content\/uploads\/2022\/09\/Katha_Foto5_NEU_Coaching-in-UnternehmenIMG_9180-scaled-e1663071147265.jpg\",\"datePublished\":\"2021-09-27T15:02:13+00:00\",\"dateModified\":\"2025-05-08T13:08:22+00:00\",\"description\":\"Coaching in Unternehmen | Frankfurt | Motiviere deine Mitarbeiter:innen durch mein F\u00fchrungskr\u00e4fte, Business oder Karriere Coaching.\",\"breadcrumb\":{\"@id\":\"https:\/\/www.talkoutloud.de\/en\/coaching\/coaching-in-unternehmen-frankfurt\/#breadcrumb\"},\"inLanguage\":\"en-US\",\"potentialAction\":[{\"@type\":\"ReadAction\",\"target\":[\"https:\/\/www.talkoutloud.de\/en\/coaching\/coaching-in-unternehmen-frankfurt\/\"]}]},{\"@type\":\"ImageObject\",\"inLanguage\":\"en-US\",\"@id\":\"https:\/\/www.talkoutloud.de\/en\/coaching\/coaching-in-unternehmen-frankfurt\/#primaryimage\",\"url\":\"https:\/\/www.talkoutloud.de\/wp-content\/uploads\/2022\/09\/Katha_Foto5_NEU_Coaching-in-UnternehmenIMG_9180-scaled-e1663071147265.jpg\",\"contentUrl\":\"https:\/\/www.talkoutloud.de\/wp-content\/uploads\/2022\/09\/Katha_Foto5_NEU_Coaching-in-UnternehmenIMG_9180-scaled-e1663071147265.jpg\",\"width\":832,\"height\":755},{\"@type\":\"BreadcrumbList\",\"@id\":\"https:\/\/www.talkoutloud.de\/en\/coaching\/coaching-in-unternehmen-frankfurt\/#breadcrumb\",\"itemListElement\":[{\"@type\":\"ListItem\",\"position\":1,\"name\":\"Startseite\",\"item\":\"https:\/\/www.talkoutloud.de\/en\/\"},{\"@type\":\"ListItem\",\"position\":2,\"name\":\"Coaching\",\"item\":\"https:\/\/www.talkoutloud.de\/en\/coaching\/\"},{\"@type\":\"ListItem\",\"position\":3,\"name\":\"Coaching in Unternehmen\"}]},{\"@type\":\"WebSite\",\"@id\":\"https:\/\/www.talkoutloud.de\/en\/#website\",\"url\":\"https:\/\/www.talkoutloud.de\/en\/\",\"name\":\"talkoutloud\",\"description\":\"Coaching f\u00fcr Frauen | Life Coaching | Karriere Coaching | Business Coaching | Job Coaching | Start Up Coaching \u2013 pers\u00f6nlich | vor Ort in Frankfurt | online deutschlandweit\",\"publisher\":{\"@id\":\"https:\/\/www.talkoutloud.de\/en\/#organization\"},\"potentialAction\":[{\"@type\":\"SearchAction\",\"target\":{\"@type\":\"EntryPoint\",\"urlTemplate\":\"https:\/\/www.talkoutloud.de\/en\/?s={search_term_string}\"},\"query-input\":{\"@type\":\"PropertyValueSpecification\",\"valueRequired\":true,\"valueName\":\"search_term_string\"}}],\"inLanguage\":\"en-US\"},{\"@type\":\"Organization\",\"@id\":\"https:\/\/www.talkoutloud.de\/en\/#organization\",\"name\":\"TaLK OUT LOUD\",\"url\":\"https:\/\/www.talkoutloud.de\/en\/\",\"logo\":{\"@type\":\"ImageObject\",\"inLanguage\":\"en-US\",\"@id\":\"https:\/\/www.talkoutloud.de\/en\/#\/schema\/logo\/image\/\",\"url\":\"https:\/\/www.talkoutloud.de\/wp-content\/uploads\/2021\/09\/Logo-Talk-Out-Loud_fin.png\",\"contentUrl\":\"https:\/\/www.talkoutloud.de\/wp-content\/uploads\/2021\/09\/Logo-Talk-Out-Loud_fin.png\",\"width\":566,\"height\":811,\"caption\":\"TaLK OUT LOUD\"},\"image\":{\"@id\":\"https:\/\/www.talkoutloud.de\/en\/#\/schema\/logo\/image\/\"},\"sameAs\":[\"https:\/\/www.instagram.com\/talkoutloud.de\/\"]}]}<\/script>\n<!-- \/ Yoast SEO plugin. -->","yoast_head_json":{"title":"Coaching in Unternehmen - TaLK OUT LOUD | Frankfurt","description":"Coaching in Unternehmen | Frankfurt | Motiviere deine Mitarbeiter:innen durch mein F\u00fchrungskr\u00e4fte, Business oder Karriere Coaching.","robots":{"index":"index","follow":"follow","max-snippet":"max-snippet:-1","max-image-preview":"max-image-preview:large","max-video-preview":"max-video-preview:-1"},"canonical":"https:\/\/www.talkoutloud.de\/en\/coaching\/coaching-in-unternehmen-frankfurt\/","og_locale":"en_US","og_type":"article","og_title":"Coaching in Unternehmen - TaLK OUT LOUD | Frankfurt","og_description":"Coaching in Unternehmen | Frankfurt | Motiviere deine Mitarbeiter:innen durch mein F\u00fchrungskr\u00e4fte, Business oder Karriere Coaching.","og_url":"https:\/\/www.talkoutloud.de\/en\/coaching\/coaching-in-unternehmen-frankfurt\/","og_site_name":"TaLK OUT LOUD | Frankfurt","article_modified_time":"2025-05-08T13:08:22+00:00","og_image":[{"width":832,"height":755,"url":"https:\/\/www.talkoutloud.de\/wp-content\/uploads\/2022\/09\/Katha_Foto5_NEU_Coaching-in-UnternehmenIMG_9180-scaled-e1663071147265.jpg","type":"image\/jpeg"}],"twitter_card":"summary_large_image","twitter_misc":{"Est. reading time":"2 minutes"},"schema":{"@context":"https:\/\/schema.org","@graph":[{"@type":"WebPage","@id":"https:\/\/www.talkoutloud.de\/en\/coaching\/coaching-in-unternehmen-frankfurt\/","url":"https:\/\/www.talkoutloud.de\/en\/coaching\/coaching-in-unternehmen-frankfurt\/","name":"Coaching in Unternehmen - TaLK OUT LOUD | Frankfurt","isPartOf":{"@id":"https:\/\/www.talkoutloud.de\/en\/#website"},"primaryImageOfPage":{"@id":"https:\/\/www.talkoutloud.de\/en\/coaching\/coaching-in-unternehmen-frankfurt\/#primaryimage"},"image":{"@id":"https:\/\/www.talkoutloud.de\/en\/coaching\/coaching-in-unternehmen-frankfurt\/#primaryimage"},"thumbnailUrl":"https:\/\/www.talkoutloud.de\/wp-content\/uploads\/2022\/09\/Katha_Foto5_NEU_Coaching-in-UnternehmenIMG_9180-scaled-e1663071147265.jpg","datePublished":"2021-09-27T15:02:13+00:00","dateModified":"2025-05-08T13:08:22+00:00","description":"Coaching in Unternehmen | Frankfurt | Motiviere deine Mitarbeiter:innen durch mein F\u00fchrungskr\u00e4fte, Business oder Karriere Coaching.","breadcrumb":{"@id":"https:\/\/www.talkoutloud.de\/en\/coaching\/coaching-in-unternehmen-frankfurt\/#breadcrumb"},"inLanguage":"en-US","potentialAction":[{"@type":"ReadAction","target":["https:\/\/www.talkoutloud.de\/en\/coaching\/coaching-in-unternehmen-frankfurt\/"]}]},{"@type":"ImageObject","inLanguage":"en-US","@id":"https:\/\/www.talkoutloud.de\/en\/coaching\/coaching-in-unternehmen-frankfurt\/#primaryimage","url":"https:\/\/www.talkoutloud.de\/wp-content\/uploads\/2022\/09\/Katha_Foto5_NEU_Coaching-in-UnternehmenIMG_9180-scaled-e1663071147265.jpg","contentUrl":"https:\/\/www.talkoutloud.de\/wp-content\/uploads\/2022\/09\/Katha_Foto5_NEU_Coaching-in-UnternehmenIMG_9180-scaled-e1663071147265.jpg","width":832,"height":755},{"@type":"BreadcrumbList","@id":"https:\/\/www.talkoutloud.de\/en\/coaching\/coaching-in-unternehmen-frankfurt\/#breadcrumb","itemListElement":[{"@type":"ListItem","position":1,"name":"Startseite","item":"https:\/\/www.talkoutloud.de\/en\/"},{"@type":"ListItem","position":2,"name":"Coaching","item":"https:\/\/www.talkoutloud.de\/en\/coaching\/"},{"@type":"ListItem","position":3,"name":"Coaching in Unternehmen"}]},{"@type":"WebSite","@id":"https:\/\/www.talkoutloud.de\/en\/#website","url":"https:\/\/www.talkoutloud.de\/en\/","name":"talkoutloud","description":"Coaching f\u00fcr Frauen | Life Coaching | Karriere Coaching | Business Coaching | Job Coaching | Start Up Coaching \u2013 pers\u00f6nlich | vor Ort in Frankfurt | online deutschlandweit","publisher":{"@id":"https:\/\/www.talkoutloud.de\/en\/#organization"},"potentialAction":[{"@type":"SearchAction","target":{"@type":"EntryPoint","urlTemplate":"https:\/\/www.talkoutloud.de\/en\/?s={search_term_string}"},"query-input":{"@type":"PropertyValueSpecification","valueRequired":true,"valueName":"search_term_string"}}],"inLanguage":"en-US"},{"@type":"Organization","@id":"https:\/\/www.talkoutloud.de\/en\/#organization","name":"TaLK OUT LOUD","url":"https:\/\/www.talkoutloud.de\/en\/","logo":{"@type":"ImageObject","inLanguage":"en-US","@id":"https:\/\/www.talkoutloud.de\/en\/#\/schema\/logo\/image\/","url":"https:\/\/www.talkoutloud.de\/wp-content\/uploads\/2021\/09\/Logo-Talk-Out-Loud_fin.png","contentUrl":"https:\/\/www.talkoutloud.de\/wp-content\/uploads\/2021\/09\/Logo-Talk-Out-Loud_fin.png","width":566,"height":811,"caption":"TaLK OUT LOUD"},"image":{"@id":"https:\/\/www.talkoutloud.de\/en\/#\/schema\/logo\/image\/"},"sameAs":["https:\/\/www.instagram.com\/talkoutloud.de\/"]}]}},"_links":{"self":[{"href":"https:\/\/www.talkoutloud.de\/en\/wp-json\/wp\/v2\/pages\/3038","targetHints":{"allow":["GET"]}}],"collection":[{"href":"https:\/\/www.talkoutloud.de\/en\/wp-json\/wp\/v2\/pages"}],"about":[{"href":"https:\/\/www.talkoutloud.de\/en\/wp-json\/wp\/v2\/types\/page"}],"author":[{"embeddable":true,"href":"https:\/\/www.talkoutloud.de\/en\/wp-json\/wp\/v2\/users\/1"}],"replies":[{"embeddable":true,"href":"https:\/\/www.talkoutloud.de\/en\/wp-json\/wp\/v2\/comments?post=3038"}],"version-history":[{"count":2,"href":"https:\/\/www.talkoutloud.de\/en\/wp-json\/wp\/v2\/pages\/3038\/revisions"}],"predecessor-version":[{"id":3040,"href":"https:\/\/www.talkoutloud.de\/en\/wp-json\/wp\/v2\/pages\/3038\/revisions\/3040"}],"up":[{"embeddable":true,"href":"https:\/\/www.talkoutloud.de\/en\/wp-json\/wp\/v2\/pages\/3036"}],"wp:featuredmedia":[{"embeddable":true,"href":"https:\/\/www.talkoutloud.de\/en\/wp-json\/wp\/v2\/media\/2993"}],"wp:attachment":[{"href":"https:\/\/www.talkoutloud.de\/en\/wp-json\/wp\/v2\/media?parent=3038"}],"curies":[{"name":"wp","href":"https:\/\/api.w.org\/{rel}","templated":true}]}}